{"id":73,"date":"2023-01-31T11:58:52","date_gmt":"2023-01-31T10:58:52","guid":{"rendered":"https:\/\/3y9jeavoxu.preview.infomaniak.website\/?page_id=73"},"modified":"2023-10-13T09:53:54","modified_gmt":"2023-10-13T07:53:54","slug":"centralisez-vos-demandes-de-prix-et-dechantillons-parmi-les-plus-grandes-marques","status":"publish","type":"page","link":"https:\/\/www.materiaux.archi\/content\/","title":{"rendered":"Solution collaborative de mat\u00e9riauth\u00e8que en ligne."},"content":{"rendered":"\n<div style=\"height:50px\" aria-hidden=\"true\" class=\"wp-block-spacer\"><\/div>\n\n\n\n<div class=\"wp-block-media-text alignwide has-media-on-the-right is-stacked-on-mobile is-style-full-width-image\"><div class=\"wp-block-media-text__content\">\n<h2 class=\"has-blue-color has-text-color wp-block-heading\">+ de 5000 fabricants<\/h2>\n\n\n\n<p><strong>Les grands noms et les artisans les plus rares se retrouvent sur Materiaux.archi.<\/strong><\/p>\n\n\n\n<p>D\u00e9couvrez chaque semaine des centaines de nouveaux produits qui viennent s\u2019ajouter dans la mat\u00e9riauth\u00e8que. <\/p>\n<\/div><figure class=\"wp-block-media-text__media\"><img fetchpriority=\"high\" decoding=\"async\" width=\"1418\" height=\"494\" src=\"https:\/\/www.materiaux.archi\/content\/wp-content\/uploads\/2023\/06\/logos-manufacturers.jpg\" alt=\"Mat\u00e9riauth\u00e8que et fabricants partenaires\" class=\"wp-image-1410 size-full\" srcset=\"https:\/\/www.materiaux.archi\/content\/wp-content\/uploads\/2023\/06\/logos-manufacturers.jpg 1418w, https:\/\/www.materiaux.archi\/content\/wp-content\/uploads\/2023\/06\/logos-manufacturers-300x105.jpg 300w, https:\/\/www.materiaux.archi\/content\/wp-content\/uploads\/2023\/06\/logos-manufacturers-768x268.jpg 768w\" sizes=\"(max-width: 1418px) 100vw, 1418px\" \/><\/figure><\/div>\n\n\n\n<p class=\"has-blue-color has-text-color\"><a href=\"https:\/\/www.materiaux.archi\/content\/vous-etes-fabricant-et-souhaitez-devenir\">Vous \u00eates Fabricant ?<\/a><\/p>\n\n\n\n<div class=\"wp-block-media-text alignwide is-stacked-on-mobile is-style-full-width-image\"><figure class=\"wp-block-media-text__media\"><img decoding=\"async\" width=\"816\" height=\"613\" src=\"https:\/\/www.materiaux.archi\/content\/wp-content\/uploads\/2023\/06\/application-equipe-materiautheque-archi.png\" alt=\"La Mat\u00e9riauth\u00e8que PRO\" class=\"wp-image-1300 size-full\" srcset=\"https:\/\/www.materiaux.archi\/content\/wp-content\/uploads\/2023\/06\/application-equipe-materiautheque-archi.png 816w, https:\/\/www.materiaux.archi\/content\/wp-content\/uploads\/2023\/06\/application-equipe-materiautheque-archi-300x225.png 300w, https:\/\/www.materiaux.archi\/content\/wp-content\/uploads\/2023\/06\/application-equipe-materiautheque-archi-768x577.png 768w\" sizes=\"(max-width: 816px) 100vw, 816px\" \/><\/figure><div class=\"wp-block-media-text__content\">\n<h2 class=\"has-dark-color has-text-color wp-block-heading\">La seule solution collaborative centr\u00e9e sur les mat\u00e9riaux<\/h2>\n\n\n\n<p>Materiaux.archi est une <strong>Mat\u00e9riauth\u00e8que collaborative en ligne <\/strong>permettant \u00e0 tous les collaborateurs de l\u2019agence de co-construire des listes de mat\u00e9riaux par projet, par tendance ou par th\u00e9matique.<\/p>\n\n\n\n<p>La Mat\u00e9riauth\u00e8que PRO permet \u00e0 chacun de commenter les produits, d\u2019indiquer des prix, d\u2019enregistrer vos contacts, de g\u00e9rer les \u00e9chantillons de l\u2019agence et bien plus encore !<\/p>\n<\/div><\/div>\n\n\n\n<div style=\"height:70px\" aria-hidden=\"true\" class=\"wp-block-spacer\"><\/div>\n\n\n\n<div class=\"wp-block-media-text alignwide has-media-on-the-right is-stacked-on-mobile is-style-full-width-image\"><div class=\"wp-block-media-text__content\">\n<h2 class=\"has-dark-color has-text-color wp-block-heading\">Centralisez vos demandes de prix et d\u2019\u00e9chantillons<\/h2>\n\n\n\n<p>Optimisez votre temps en commandant des \u00e9chantillons aupr\u00e8s de 5000 fabricants avec un seul compte sur Materiaux.archi.<\/p>\n\n\n\n<p>Recevez rapidement des \u00e9chantillons de mat\u00e9riaux traditionnels, innovants ou biosourc\u00e9s. Facilitez ainsi vos interactions avec les fabricants.<\/p>\n<\/div><figure class=\"wp-block-media-text__media\"><img decoding=\"async\" width=\"709\" height=\"544\" src=\"https:\/\/www.materiaux.archi\/content\/wp-content\/uploads\/2023\/06\/demand-prix-echantillons-materiaux.png\" alt=\"Mat\u00e9riauth\u00e8que et commande d'\u00e9chantillons\" class=\"wp-image-1301 size-full\" srcset=\"https:\/\/www.materiaux.archi\/content\/wp-content\/uploads\/2023\/06\/demand-prix-echantillons-materiaux.png 709w, https:\/\/www.materiaux.archi\/content\/wp-content\/uploads\/2023\/06\/demand-prix-echantillons-materiaux-300x230.png 300w\" sizes=\"(max-width: 709px) 100vw, 709px\" \/><\/figure><\/div>\n\n\n\n<div style=\"height:70px\" aria-hidden=\"true\" class=\"wp-block-spacer\"><\/div>\n\n\n\n<div class=\"wp-block-columns alignwide is-layout-flex wp-container-core-columns-is-layout-9d6595d7 wp-block-columns-is-layout-flex\">\n<div class=\"wp-block-column is-layout-flow wp-block-column-is-layout-flow\" style=\"flex-basis:10%\"><\/div>\n\n\n\n<div class=\"wp-block-column is-layout-flow wp-block-column-is-layout-flow\" style=\"flex-basis:33%\">\n<h2 class=\"has-blue-color has-text-color wp-block-heading\" style=\"font-size:4rem\">Neutralit\u00e9. <br>Libert\u00e9. <br>Partage.<\/h2>\n<\/div>\n\n\n\n<div class=\"wp-block-column is-layout-flow wp-block-column-is-layout-flow\" style=\"flex-basis:43.34%\">\n<div style=\"height:100px\" aria-hidden=\"true\" class=\"wp-block-spacer\"><\/div>\n\n\n\n<p>L\u2019enrichissement en produits de notre base de donn\u00e9s est ind\u00e9pendant de notre mod\u00e8le \u00e9conomique. Cela vous garanti notre neutralit\u00e9 vis-\u00e0-vis des fabricants.<br><br>Pour preuve, chaque responsable mat\u00e9riauth\u00e8que et chaque fabricant peut ajouter et compl\u00e9ter librement des fiches produits sur Materiaux.archi, sans limite. Nous rassemblons toutes les informations utiles sur les produits pour les partager avec toute la communaut\u00e9.<\/p>\n<\/div>\n<\/div>\n\n\n\n<div style=\"height:100px\" aria-hidden=\"true\" class=\"wp-block-spacer\"><\/div>\n\n\n\n<div class=\"wp-block-cover is-light is-style-full-width-cover\"><span aria-hidden=\"true\" class=\"wp-block-cover__background has-background-dim-100 has-background-dim has-background-gradient\" style=\"background:linear-gradient(122deg,rgb(77,77,77) 0%,rgb(26,26,26) 100%)\"><\/span><div class=\"wp-block-cover__inner-container is-layout-flow wp-block-cover-is-layout-flow\">\n<div style=\"height:80px\" aria-hidden=\"true\" class=\"wp-block-spacer\"><\/div>\n\n\n\n<h2 class=\"has-white-color has-text-color wp-block-heading\">Un acc\u00e8s aux donn\u00e9es environnementales<\/h2>\n\n\n\n<p class=\"has-white-color has-text-color\">Identifier l\u2019impact environnemental d\u2019un mat\u00e9riau d\u2019apr\u00e8s l\u2019analyse de son cycle de vie est un enjeu majeur pour le choix des mat\u00e9riaux d\u2019un projet de construction.<br>Faciliter vos choix de mat\u00e9riaux en fournissant des infos fiables sur leur cycle de vie, impact environnemental, pour des d\u00e9cisions durables.<br><br>Il s&rsquo;agit d&rsquo;\u00e9quilibrer les consid\u00e9rations \u00e9conomiques, techniques et esth\u00e9tiques avec la responsabilit\u00e9 environnementale. Un choix \u00e9clair\u00e9 et durable des mat\u00e9riaux peut non seulement contribuer \u00e0 r\u00e9duire l&rsquo;impact environnemental global d&rsquo;un projet, mais aussi \u00e0 am\u00e9liorer la qualit\u00e9 de vie des habitants, \u00e0 diminuer les co\u00fbts \u00e0 long terme, et \u00e0 respecter la r\u00e9glementation environnementale en constante \u00e9volution.<\/p>\n\n\n\n<div style=\"height:80px\" aria-hidden=\"true\" class=\"wp-block-spacer\"><\/div>\n\n\n\n<p><\/p>\n<\/div><\/div>\n\n\n\n<div style=\"height:100px\" aria-hidden=\"true\" class=\"wp-block-spacer\"><\/div>\n\n\n\n<div class=\"wp-block-media-text alignwide has-media-on-the-right is-stacked-on-mobile is-image-fill is-style-full-width-image\"><div class=\"wp-block-media-text__content\">\n<h2 class=\"wp-block-heading\">Un sourcing permanent des nouveaux mat\u00e9riaux biosourc\u00e9s<\/h2>\n\n\n\n<p>Retrouvez les nouveaux mat\u00e9riaux biosourc\u00e9s, innovants ou bas carbone, et bien plus encore. Gr\u00e2ce \u00e0 nos milliers de contributeurs (fabricants, responsables mat\u00e9riauth\u00e8ques, &#8230;) vous avez acc\u00e8s \u00e0 un sourcing permanent de centaines de nouveaux produits.<\/p>\n\n\n\n<p>Plus que jamais, les mat\u00e9riaux \u00e9voluent et s\u2019adaptent aux nouvelles contraintes et sensibilit\u00e9s environnementales. Materiaux.archi vous permet de suivre cette \u00e9volution continue.<\/p>\n\n\n\n<div style=\"height:100px\" aria-hidden=\"true\" class=\"wp-block-spacer\"><\/div>\n<\/div><figure class=\"wp-block-media-text__media\" style=\"background-image:url(https:\/\/www.materiaux.archi\/content\/wp-content\/uploads\/2023\/06\/shutterstock_763867678-1.jpg);background-position:0% 3%\"><img loading=\"lazy\" decoding=\"async\" width=\"709\" height=\"898\" src=\"https:\/\/www.materiaux.archi\/content\/wp-content\/uploads\/2023\/06\/shutterstock_763867678-1.jpg\" alt=\"Mat\u00e9riaux biosourc\u00e9s\" class=\"wp-image-1302 size-full\" srcset=\"https:\/\/www.materiaux.archi\/content\/wp-content\/uploads\/2023\/06\/shutterstock_763867678-1.jpg 709w, https:\/\/www.materiaux.archi\/content\/wp-content\/uploads\/2023\/06\/shutterstock_763867678-1-237x300.jpg 237w\" sizes=\"(max-width: 709px) 100vw, 709px\" \/><\/figure><\/div>\n\n\n\n<div class=\"wp-block-cover is-light is-style-default\"><span aria-hidden=\"true\" class=\"wp-block-cover__background has-background-dim-100 has-background-dim\" style=\"background-color:#f8f8fb\"><\/span><div class=\"wp-block-cover__inner-container is-layout-flow wp-block-cover-is-layout-flow\">\n<h2 class=\"has-text-align-center wp-block-heading\">Planifions une d\u00e9mo !<\/h2>\n\n\n\n<p class=\"has-text-align-center\">Partagez, organisez vos liste et restez \u00e0 jour avec Materiaux.archi PRO. <br>Demandez une d\u00e9mo en visio (30 min)<\/p>\n\n\n\n<div class=\"wp-block-buttons is-content-justification-center is-layout-flex wp-container-core-buttons-is-layout-16018d1d wp-block-buttons-is-layout-flex\">\n<div class=\"wp-block-button\"><a class=\"wp-block-button__link wp-element-button\" href=\"https:\/\/archimaterial-pro.youcanbook.me\/\" target=\"_blank\" rel=\"noreferrer noopener\">Choisir un cr\u00e9neau<\/a><\/div>\n<\/div>\n<\/div><\/div>\n\n\n\n<div style=\"height:100px\" aria-hidden=\"true\" class=\"wp-block-spacer\"><\/div>\n\n\n\n<div class=\"wp-block-media-text alignwide has-media-on-the-right is-stacked-on-mobile is-style-full-width-image\"><div class=\"wp-block-media-text__content\">\n<h2 class=\"wp-block-heading\">D\u00e9j\u00e0 adopt\u00e9e par 55 \u00e9coles d\u2019architecture et de design<\/h2>\n\n\n\n<p>Materiaux.archi s&rsquo;engage \u00e9galement dans des initiatives p\u00e9dagogiques avec le projet \u201cMat\u00e9riauth\u00e8que Campus\u201c qui est mise \u00e0 disposition des \u00e9coles.<\/p>\n\n\n\n<p>Elle propose un outil innovant permettant de valoriser les mat\u00e9riaux de mani\u00e8re physique et digitale aupr\u00e8s des \u00e9tudiants et enseignants d\u2019architecture et de design. Elle pr\u00e9sente 300 \u00e9chantillons, ainsi qu\u2019un totem th\u00e9matique avec des mat\u00e9riaux biosourc\u00e9s et bas carbone.<\/p>\n\n\n\n<p>Chaque \u00e9chantillon est accompagn\u00e9 d&rsquo;une fiche sur materiaux.archi d\u00e9taillant ses caract\u00e9ristiques techniques, des photos de r\u00e9alisations, une vid\u00e9o de mise en \u0153uvre, et bien plus encore.<\/p>\n\n\n\n<p><a href=\"https:\/\/www.materiaux.archi\/content\/la-materiautheque-campus\/\">D\u00e9couvrir la Mat\u00e9riauth\u00e8que Campus<\/a><\/p>\n<\/div><figure class=\"wp-block-media-text__media\"><img loading=\"lazy\" decoding=\"async\" width=\"723\" height=\"586\" src=\"https:\/\/www.materiaux.archi\/content\/wp-content\/uploads\/2023\/06\/materiautheque-ecole-architecture.png\" alt=\"La Mat\u00e9riauth\u00e8que Campus\" class=\"wp-image-1303 size-full\" srcset=\"https:\/\/www.materiaux.archi\/content\/wp-content\/uploads\/2023\/06\/materiautheque-ecole-architecture.png 723w, https:\/\/www.materiaux.archi\/content\/wp-content\/uploads\/2023\/06\/materiautheque-ecole-architecture-300x243.png 300w\" sizes=\"(max-width: 723px) 100vw, 723px\" \/><\/figure><\/div>\n\n\n\n<div style=\"height:100px\" aria-hidden=\"true\" class=\"wp-block-spacer\"><\/div>\n","protected":false},"excerpt":{"rendered":"<p>+ de 5000 fabricants Les grands noms et les artisans les plus rares se retrouvent sur Materiaux.archi. D\u00e9couvrez chaque semaine des centaines de nouveaux produits qui viennent s\u2019ajouter dans la mat\u00e9riauth\u00e8que. Vous \u00eates Fabricant ? La seule solution collaborative centr\u00e9e sur les mat\u00e9riaux Materiaux.archi est une Mat\u00e9riauth\u00e8que collaborative en ligne permettant \u00e0 tous les collaborateurs [&hellip;]<\/p>\n","protected":false},"author":6,"featured_media":0,"parent":0,"menu_order":0,"comment_status":"closed","ping_status":"closed","template":"","meta":{"footnotes":""},"class_list":["post-73","page","type-page","status-publish","hentry"],"acf":[],"_links":{"self":[{"href":"https:\/\/www.materiaux.archi\/content\/wp-json\/wp\/v2\/pages\/73","targetHints":{"allow":["GET"]}}],"collection":[{"href":"https:\/\/www.materiaux.archi\/content\/wp-json\/wp\/v2\/pages"}],"about":[{"href":"https:\/\/www.materiaux.archi\/content\/wp-json\/wp\/v2\/types\/page"}],"author":[{"embeddable":true,"href":"https:\/\/www.materiaux.archi\/content\/wp-json\/wp\/v2\/users\/6"}],"replies":[{"embeddable":true,"href":"https:\/\/www.materiaux.archi\/content\/wp-json\/wp\/v2\/comments?post=73"}],"version-history":[{"count":185,"href":"https:\/\/www.materiaux.archi\/content\/wp-json\/wp\/v2\/pages\/73\/revisions"}],"predecessor-version":[{"id":1518,"href":"https:\/\/www.materiaux.archi\/content\/wp-json\/wp\/v2\/pages\/73\/revisions\/1518"}],"wp:attachment":[{"href":"https:\/\/www.materiaux.archi\/content\/wp-json\/wp\/v2\/media?parent=73"}],"curies":[{"name":"wp","href":"https:\/\/api.w.org\/{rel}","templated":true}]}}